{"id":2,"date":"2026-02-23T18:17:44","date_gmt":"2026-02-23T18:17:44","guid":{"rendered":"https:\/\/powerelec.com.mk\/?page_id=2"},"modified":"2026-03-10T15:58:57","modified_gmt":"2026-03-10T15:58:57","slug":"o-nama","status":"publish","type":"page","link":"https:\/\/powerelec.com.mk\/bs\/about-us\/","title":{"rendered":"O nama"},"content":{"rendered":"<h1 data-path-to-node=\"2\">PowerElec Skoplje<\/h1>\r\n<h2 data-start=\"594\" data-end=\"606\">Na\u0161a pri\u010da<\/h2>\r\n<p data-start=\"608\" data-end=\"723\">PowerElec je osnovan s jasnom vizijom: oja\u010dati elektri\u010dnu okosnicu Sjeverne Makedonije i regije.<\/p>\r\n<p data-start=\"725\" data-end=\"1072\">U svijetu koji se pokre\u0107e energijom, pouzdanost nije opcionalna. Kabeli, konektori, elektri\u010dni sistemi i komponente infrastrukture nisu samo materijali \u2014 oni su temelj industrije, gra\u0111evinarstva i modernog \u017eivota. Vidjeli smo potrebu za kompanijom koja kombinuje tehni\u010dko znanje, sna\u017ena partnerstva s dobavlja\u010dima i nekompromisne standarde.<\/p>\r\n<p data-start=\"1074\" data-end=\"1319\">PowerElec je izgra\u0111en na iskustvu, dugoro\u010dnim odnosima i dubokom razumijevanju regionalnog tr\u017ei\u0161ta. Od malih izvo\u0111a\u010da do velikih industrijskih projekata, isporu\u010dujemo rje\u0161enja koja su izdr\u017eljiva, certificirana i spremna za zahtjeve stvarnog svijeta.<\/p>\r\n<p data-start=\"1321\" data-end=\"1360\">Ne jurimo za trendovima. Gradimo povjerenje.<\/p>\r\n<p data-start=\"1362\" data-end=\"1505\">Na\u0161a misija je jednostavna: pru\u017eiti visokokvalitetne elektri\u010dne proizvode uz dosljednost, transparentnost i tehni\u010dku podr\u0161ku na koju se klijenti mogu osloniti.<\/p>\r\n<p data-start=\"1507\" data-end=\"1749\">Kako se energetski sektor razvija prema pametnijim sistemima, integraciji obnovljivih izvora i ve\u0107oj efikasnosti, PowerElec je pozicioniran da raste zajedno s njim \u2014 ula\u017eu\u0107i u moderne tehnologije, a istovremeno po\u0161tuju\u0107i temeljne vrijednosti koje su oduvijek pokretale napredak.<\/p>\r\n<p data-start=\"1751\" data-end=\"1837\">PowerElec nije samo dobavlja\u010d.<br data-start=\"1784\" data-end=\"1787\" \/>Mi smo dugoro\u010dni partner u pokretanju budu\u0107nosti.<\/p>\r\n<p data-start=\"1751\" data-end=\"1837\">\u00a0<\/p>\r\n<h3 data-path-to-node=\"3\"><b data-path-to-node=\"3\" data-index-in-node=\"0\">Va\u0161 strate\u0161ki partner u elektri\u010dnoj provodljivosti i distribuciji elektri\u010dne energije.<\/b><\/h3>\r\n<p data-path-to-node=\"4\">Na <b data-path-to-node=\"4\" data-index-in-node=\"3\">PowerElec<\/b>, Mi smo vode\u0107i dobavlja\u010d i distributer visokokvalitetnih elektri\u010dnih kabela i industrijskih provodnih materijala sa sjedi\u0161tem u Skoplju, Sjeverna Makedonija. Slu\u017ei\u0161mo kao klju\u010dna karika u lancu snabdijevanja za gra\u0111evinarstvo, energetiku i proizvodne sektore, pru\u017eaju\u0107i neophodne komponente koje napajaju modernu infrastrukturu.<\/p>\r\n<p data-path-to-node=\"4\">\u00a0<\/p>\r\n<h3 data-path-to-node=\"5\"><b data-path-to-node=\"5\" data-index-in-node=\"0\">Pouzdanost kroz kvalitetu<\/b><\/h3>\r\n<p data-path-to-node=\"6\">Cjelovitost elektri\u010dnog sistema je samo onoliko jaka koliko su materijali koji se koriste. Zato <b data-path-to-node=\"6\" data-index-in-node=\"91\">PowerElec<\/b> Fokusira se na nabavku i distribuciju proizvoda koji zadovoljavaju stroge tehni\u010dke standarde. Od industrijskih oklopnih kabela za te\u0161ke uslove rada do specijaliziranih bakrenih zavojnica s emajliranim premazom, na\u0161 inventar je osmi\u0161ljen da podr\u017ei najzahtjevnije elektri\u010dne projekte.<\/p>\r\n<p data-path-to-node=\"6\">\u00a0<\/p>\r\n<h3 data-path-to-node=\"7\"><b data-path-to-node=\"7\" data-index-in-node=\"0\">Na\u0161 sveobuhvatni portfelj proizvoda<\/b><\/h3>\r\n<p data-path-to-node=\"8\">Odr\u017eavamo \u0161irok asortiman zaliha kako bismo osigurali na\u0161im klijentima neposredan pristup materijalima koji su im potrebni:<\/p>\r\n<ul data-path-to-node=\"9\">\r\n<li>\r\n<p data-path-to-node=\"9,0,0\"><b data-path-to-node=\"9,0,0\" data-index-in-node=\"0\">Industrijske sirovine:<\/b> Visoke \u010disto\u0107e <b data-path-to-node=\"9,0,0\" data-index-in-node=\"38\">Bakarne \u017ei\u010dane \u0161ipke (8 mm)<\/b> i <b data-path-to-node=\"9,0,0\" data-index-in-node=\"65\">Aluminijske \u017ei\u010dane \u0161ipke (9,5 mm)<\/b>, zajedno sa pojedina\u010dnim, vi\u0161estrukim i uvijenim bakrenim \u017eicama.<\/p>\r\n<\/li>\r\n<li>\r\n<p data-path-to-node=\"9,1,0\"><b data-path-to-node=\"9,1,0\" data-index-in-node=\"0\">Raspodjela snage:<\/b> Kompletan paket <b data-path-to-node=\"9,1,0\" data-index-in-node=\"36\">Kablovi niskog i srednjeg napona (LV\/MV)<\/b>, uklju\u010duju\u0107i <b data-path-to-node=\"9,1,0\" data-index-in-node=\"85\">Oklopni kablovi<\/b> za okru\u017eenja visoke za\u0161tite i <b data-path-to-node=\"9,1,0\" data-index-in-node=\"138\">Kabeli nadzemnih vodova<\/b> za mre\u017enu distribuciju.<\/p>\r\n<\/li>\r\n<li>\r\n<p data-path-to-node=\"9,2,0\"><b data-path-to-node=\"9,2,0\" data-index-in-node=\"0\">Specijalizirane komponente:<\/b> <b data-path-to-node=\"9,2,0\" data-index-in-node=\"24\">Bakarne zavojnice oblo\u017eene emajlom<\/b> (magnetna \u017eica) za motore i transformatore, plus razne visokoprovodljive <b data-path-to-node=\"9,2,0\" data-index-in-node=\"130\">Dirigenti<\/b>.<\/p>\r\n<\/li>\r\n<li>\r\n<p data-path-to-node=\"9,3,0\"><b data-path-to-node=\"9,3,0\" data-index-in-node=\"0\">Sigurne i moderne instalacije:<\/b> Potpuna ponuda instalacijskih kabela, uklju\u010duju\u0107i <b data-path-to-node=\"9,3,0\" data-index-in-node=\"80\">Bez halogena<\/b> opcije za pobolj\u0161anu za\u0161titu od po\u017eara, kao i <b data-path-to-node=\"9,3,0\" data-index-in-node=\"138\">Fleksibilan<\/b> i <b data-path-to-node=\"9,3,0\" data-index-in-node=\"151\">Ravni<\/b> kablovi za specijalizirane prostorne zahtjeve.<\/p>\r\n<\/li>\r\n<\/ul>\r\n<p>&nbsp;<\/p>\r\n<h3 data-path-to-node=\"10\"><b data-path-to-node=\"10\" data-index-in-node=\"0\">Za\u0161to se udru\u017eiti s PowerElec-om?<\/b><\/h3>\r\n<ul data-path-to-node=\"11\">\r\n<li>\r\n<p data-path-to-node=\"11,0,0\"><b data-path-to-node=\"11,0,0\" data-index-in-node=\"0\">Opse\u017ean inventar:<\/b> Premo\u0161\u0107ujemo jaz izme\u0111u proizvodnje i izvo\u0111enja projekata tako \u0161to u skladi\u0161tu dr\u017eimo raznolik asortiman tipova kabela i pre\u010dnika \u0161ipki.<\/p>\r\n<\/li>\r\n<li>\r\n<p data-path-to-node=\"11,1,0\"><b data-path-to-node=\"11,1,0\" data-index-in-node=\"0\">Tehni\u010dka stru\u010dnost:<\/b> Na\u0161e duboko razumijevanje provodnih i izolacijskih materijala omogu\u0107ava nam da vam pomognemo odabrati pravi proizvod za va\u0161e specifi\u010dne zahtjeve u pogledu napona i okru\u017eenja.<\/p>\r\n<\/li>\r\n<li>\r\n<p data-path-to-node=\"11,2,0\"><b data-path-to-node=\"11,2,0\" data-index-in-node=\"0\">Regionalna pouzdanost:<\/b> Smje\u0161teni u Skoplju, pru\u017eamo efikasnu logistiku i personaliziranu uslugu za makedonsko tr\u017ei\u0161te i \u0161ire.<\/p>\r\n<\/li>\r\n<li>\r\n<p data-path-to-node=\"11,3,0\"><b data-path-to-node=\"11,3,0\" data-index-in-node=\"0\">Posve\u0107enost sigurnosti:<\/b> Prioritetno biramo proizvode poput kablova bez halogena i oklopljenih kablova koji osiguravaju dugoro\u010dnu sigurnost i izdr\u017eljivost va\u0161e infrastrukture.<\/p>\r\n<\/li>\r\n<\/ul>\r\n<h3 data-path-to-node=\"12\"><b data-path-to-node=\"12\" data-index-in-node=\"0\">Napajanje va\u0161ih projekata<\/b><\/h3>\r\n<p data-path-to-node=\"13\">Bilo da ste izvo\u0111a\u010d radova, proizvo\u0111a\u010d ili pru\u017eatelj komunalnih usluga, <b data-path-to-node=\"13\" data-index-in-node=\"69\">PowerElec<\/b> posve\u0107en je snabdijevanju \u201cvena i arterija\u201d va\u0161ih elektri\u010dnih sistema.<\/p>\r\n<hr data-path-to-node=\"14\" \/>\r\n<p data-path-to-node=\"15\"><b data-path-to-node=\"15\" data-index-in-node=\"0\">Kontaktirajte nas danas<\/b> Pregledajte na\u0161 cjelokupan tehni\u010dki katalog ili zatra\u017eite ponudu za veleprodaju.<\/p>\r\n<p data-path-to-node=\"16\"><b data-path-to-node=\"16\" data-index-in-node=\"0\">PowerElec Skoplje<\/b> \ud83d\udccd Skoplje, Sjeverna Makedonija \ud83c\udf10 <a class=\"ng-star-inserted\" href=\"https:\/\/www.google.com\/search?q=http:\/\/www.powerelec.com.mk\" target=\"_blank\" rel=\"noopener\" data-hveid=\"0\" data-ved=\"0CAAQ_4QMahcKEwi_uevHtfKSAxUAAAAAHQAAAAAQXg\">www.powerelec.com.mk<\/a><\/p>","protected":false},"excerpt":{"rendered":"<p>PowerElec Skopje Our Story PowerElec was founded with a clear vision: to strengthen the electrical backbone of North Macedonia and the region. In a world that runs on energy, reliability is not optional. Cables, connectors, electrical systems and infrastructure components are not just materials \u2014 they are the foundation of industry, construction, and modern life. [&hellip;]<\/p>\n","protected":false},"author":1,"featured_media":0,"parent":0,"menu_order":0,"comment_status":"closed","ping_status":"closed","template":"templates\/template-page-full-width.php","meta":{"footnotes":""},"class_list":["post-2","page","type-page","status-publish","hentry"],"jetpack_sharing_enabled":true,"_links":{"self":[{"href":"https:\/\/powerelec.com.mk\/bs\/wp-json\/wp\/v2\/pages\/2","targetHints":{"allow":["GET"]}}],"collection":[{"href":"https:\/\/powerelec.com.mk\/bs\/wp-json\/wp\/v2\/pages"}],"about":[{"href":"https:\/\/powerelec.com.mk\/bs\/wp-json\/wp\/v2\/types\/page"}],"author":[{"embeddable":true,"href":"https:\/\/powerelec.com.mk\/bs\/wp-json\/wp\/v2\/users\/1"}],"replies":[{"embeddable":true,"href":"https:\/\/powerelec.com.mk\/bs\/wp-json\/wp\/v2\/comments?post=2"}],"version-history":[{"count":5,"href":"https:\/\/powerelec.com.mk\/bs\/wp-json\/wp\/v2\/pages\/2\/revisions"}],"predecessor-version":[{"id":229,"href":"https:\/\/powerelec.com.mk\/bs\/wp-json\/wp\/v2\/pages\/2\/revisions\/229"}],"wp:attachment":[{"href":"https:\/\/powerelec.com.mk\/bs\/wp-json\/wp\/v2\/media?parent=2"}],"curies":[{"name":"wp","href":"https:\/\/api.w.org\/{rel}","templated":true}]}}