{"id":66,"date":"2026-02-24T16:17:23","date_gmt":"2026-02-24T16:17:23","guid":{"rendered":"https:\/\/powerelec.com.mk\/?page_id=66"},"modified":"2026-02-24T16:28:31","modified_gmt":"2026-02-24T16:28:31","slug":"kullanim-kosullari","status":"publish","type":"page","link":"https:\/\/powerelec.com.mk\/tr\/terms-of-use\/","title":{"rendered":"Kullan\u0131m Ko\u015fullar\u0131"},"content":{"rendered":"<h1 data-path-to-node=\"4\">Kullan\u0131m Ko\u015fullar\u0131<\/h1>\n<p data-path-to-node=\"5\"><b data-path-to-node=\"5\" data-index-in-node=\"0\">Son G\u00fcncelleme 24 \u015eubat 2026<\/b><\/p>\n<p data-path-to-node=\"6\">Ho\u015f geldiniz <b data-path-to-node=\"6\" data-index-in-node=\"11\">Powerelec<\/b> (<a class=\"ng-star-inserted\" href=\"https:\/\/www.powerelec.com\" target=\"_blank\" rel=\"noopener\" data-hveid=\"0\" data-ved=\"0CAAQ_4QMahgKEwi_uevHtfKSAxUAAAAAHQAAAAAQ4AE\">www.powerelec.com<\/a>.mk). Web sitemize eri\u015ferek veya sitemizi kullanarak, a\u015fa\u011f\u0131daki h\u00fck\u00fcm ve ko\u015fullara uymay\u0131 ve bunlara ba\u011fl\u0131 kalmay\u0131 kabul etmi\u015f olursunuz. L\u00fctfen dikkatlice okuyunuz.<\/p>\n<h3 data-path-to-node=\"7\">1. \u015eartlar\u0131n Kabul Edilmesi<\/h3>\n<p data-path-to-node=\"8\">Bu web sitesini kullanarak, en az 18 ya\u015f\u0131nda oldu\u011funuzu ve bu s\u00f6zle\u015fmeye girmek i\u00e7in yasal yetkiye sahip oldu\u011funuzu onaylars\u0131n\u0131z. Bu \u015fartlar\u0131 kabul etmiyorsan\u0131z, l\u00fctfen hizmetlerimizi veya web sitemizi kullanmay\u0131n.<\/p>\n<h3 data-path-to-node=\"9\">2. \u0130\u015fin Niteli\u011fi<\/h3>\n<p data-path-to-node=\"10\">Powerelec, bak\u0131r ve al\u00fcminyum tel \u00e7ubuklar, al\u00e7ak\/orta gerilim kablolar\u0131 ve \u00f6zel iletkenler dahil ancak bunlarla s\u0131n\u0131rl\u0131 olmamak \u00fczere elektrik malzemeleri toptan tedarik\u00e7isidir. Bu web sitesindeki i\u00e7erik bilgilendirme ve B2B tedarik ama\u00e7l\u0131d\u0131r.<\/p>\n<h3 data-path-to-node=\"11\">3. Fikri M\u00fclkiyet<\/h3>\n<p data-path-to-node=\"12\">Bu sitedeki t\u00fcm i\u00e7erik -metinler, logolar, \u00fcr\u00fcn a\u00e7\u0131klamalar\u0131, resimler ve teknik veriler dahil olmak \u00fczere- a\u015fa\u011f\u0131dakilerin m\u00fclkiyetindedir <b data-path-to-node=\"12\" data-index-in-node=\"116\">Powerelec<\/b> veya i\u00e7erik tedarik\u00e7ilerine aittir ve uluslararas\u0131 telif hakk\u0131 yasalar\u0131yla korunmaktad\u0131r. \u00d6nceden yaz\u0131l\u0131 iznimiz olmadan herhangi bir i\u00e7eri\u011fi \u00e7o\u011faltamaz, de\u011fi\u015ftiremez veya da\u011f\u0131tamazs\u0131n\u0131z.<\/p>\n<h3 data-path-to-node=\"13\">4. \u00dcr\u00fcn A\u00e7\u0131klamalar\u0131 ve Teknik Do\u011fruluk<\/h3>\n<ul data-path-to-node=\"14\">\n<li>\n<p data-path-to-node=\"14,0,0\"><b data-path-to-node=\"14,0,0\" data-index-in-node=\"0\">\u00d6zellikler:<\/b> 100% do\u011frulu\u011fu i\u00e7in \u00e7aba g\u00f6sterirken, kablolar (\u00f6rn. kesitler, voltaj de\u011ferleri) ve tel \u00e7ubuklar (\u00f6rn. 8mm\/9.5mm \u00e7aplar) i\u00e7in teknik \u00f6zellikler \u00fcretim toleranslar\u0131na tabidir.<\/p>\n<\/li>\n<li>\n<p data-path-to-node=\"14,1,0\"><b data-path-to-node=\"14,1,0\" data-index-in-node=\"0\">Hatalar:<\/b> Herhangi bir hatay\u0131, yanl\u0131\u015fl\u0131\u011f\u0131 veya ihmali d\u00fczeltme ve \u00f6nceden haber vermeksizin herhangi bir zamanda bilgileri de\u011fi\u015ftirme veya g\u00fcncelleme hakk\u0131m\u0131z\u0131 sakl\u0131 tutar\u0131z.<\/p>\n<\/li>\n<li>\n<p data-path-to-node=\"14,2,0\"><b data-path-to-node=\"14,2,0\" data-index-in-node=\"0\">Ba\u011flay\u0131c\u0131 de\u011fil:<\/b> Bu web sitesindeki bilgiler ba\u011flay\u0131c\u0131 bir teklif te\u015fkil etmez. E-posta veya resmi belgeler yoluyla sa\u011flanan resmi teklifler web sitesi bilgilerinin yerine ge\u00e7er.<\/p>\n<\/li>\n<\/ul>\n<h3 data-path-to-node=\"15\">5. Fiyatland\u0131rma ve Kullan\u0131labilirlik<\/h3>\n<ul data-path-to-node=\"16\">\n<li>\n<p data-path-to-node=\"16,0,0\">T\u00fcm fiyatlar (listelendiyse), \u00f6zellikle a\u015fa\u011f\u0131daki \u00fcr\u00fcnlerin piyasa fiyatlar\u0131ndaki dalgalanmalar nedeniyle \u00f6nceden haber verilmeksizin de\u011fi\u015ftirilebilir <b data-path-to-node=\"16,0,0\" data-index-in-node=\"114\">Bak\u0131r<\/b> ve <b data-path-to-node=\"16,0,0\" data-index-in-node=\"125\">Al\u00fcminyum<\/b> Londra Metal Borsas\u0131'nda (LME).<\/p>\n<\/li>\n<li>\n<p data-path-to-node=\"16,1,0\">Sat\u0131\u015f ekibimiz taraf\u0131ndan resmi bir sat\u0131n alma sipari\u015fi onaylanana kadar stok mevcudiyeti garanti edilmez.<\/p>\n<\/li>\n<\/ul>\n<h3 data-path-to-node=\"17\">6. Sorumlulu\u011fun S\u0131n\u0131rland\u0131r\u0131lmas\u0131<\/h3>\n<p data-path-to-node=\"18\"><b data-path-to-node=\"18\" data-index-in-node=\"0\">Powerelec<\/b> kaynaklanan do\u011frudan, dolayli, arizi\u0307 veya sonu\u00e7 olarak ortaya \u00e7ikan zararlardan sorumlu tutulamaz:<\/p>\n<ul data-path-to-node=\"19\">\n<li>\n<p data-path-to-node=\"19,0,0\">Web sitesinin kullan\u0131m\u0131 veya kullan\u0131lamamas\u0131.<\/p>\n<\/li>\n<li>\n<p data-path-to-node=\"19,1,0\">Teknik hatalar veya web sitesinin kapal\u0131 kalma s\u00fcresi.<\/p>\n<\/li>\n<li>\n<p data-path-to-node=\"19,2,0\">Sitemiz \u00fczerinden sat\u0131n al\u0131nan malzemelerin kalifiye olmayan personel taraf\u0131ndan yanl\u0131\u015f montaj\u0131 veya kullan\u0131m\u0131.<\/p>\n<\/li>\n<\/ul>\n<h3 data-path-to-node=\"20\">7. Harici Ba\u011flant\u0131lar<\/h3>\n<p data-path-to-node=\"21\">Web sitemiz \u00fc\u00e7\u00fcnc\u00fc taraf web sitelerine (\u00fcreticiler veya lojistik ortaklar\u0131 gibi) ba\u011flant\u0131lar i\u00e7erebilir. Bu harici sitelerin i\u00e7eri\u011finden veya gizlilik uygulamalar\u0131ndan sorumlu de\u011filiz.<\/p>\n<h3 data-path-to-node=\"22\">8. Gizlilik Politikas\u0131<\/h3>\n<p data-path-to-node=\"23\">Bu web sitesini kullan\u0131m\u0131n\u0131z ayr\u0131ca bizim <b data-path-to-node=\"23\" data-index-in-node=\"49\">Gizlilik Politikas\u0131<\/b>, Verilerinizi ve ileti\u015fim formu g\u00f6nderimlerinizi nas\u0131l i\u015fledi\u011fimizi a\u00e7\u0131klar.<\/p>\n<h3 data-path-to-node=\"24\">9. Ge\u00e7erli Kanun<\/h3>\n<p data-path-to-node=\"25\">Bu Kullan\u0131m Ko\u015fullar\u0131, a\u015fa\u011f\u0131daki \u00fclkelerin yasalar\u0131na g\u00f6re y\u00f6netilir ve yorumlan\u0131r <b data-path-to-node=\"25\" data-index-in-node=\"80\">Kuzey Makedonya<\/b>. Bu \u015fartlarla ilgili her t\u00fcrl\u00fc ihtilaf, T\u00fcrkiye'deki mahkemelerin m\u00fcnhas\u0131r yarg\u0131 yetkisine tabi olacakt\u0131r. <b data-path-to-node=\"25\" data-index-in-node=\"198\">\u00dcsk\u00fcp<\/b>.<\/p>\n<h3 data-path-to-node=\"26\">10. \u0130leti\u015fim Bilgileri<\/h3>\n<p data-path-to-node=\"27\">Bu Ko\u015fullarla ilgili herhangi bir sorunuz varsa, l\u00fctfen bizimle \u015fu adresten ileti\u015fime ge\u00e7in:<\/p>\n<ul data-path-to-node=\"28\">\n<li>\n<p data-path-to-node=\"28,0,0\"><b data-path-to-node=\"28,0,0\" data-index-in-node=\"0\">E-posta:<\/b> contact@powerelec.com.mk<\/p>\n<\/li>\n<li>\n<p data-path-to-node=\"28,1,0\"><b data-path-to-node=\"28,1,0\" data-index-in-node=\"0\">Adres:<\/b> \u00dcsk\u00fcp, Kuzey Makedonya<\/p>\n<\/li>\n<\/ul>","protected":false},"excerpt":{"rendered":"<p>Terms of Use Last Updated: February 24, 2026 Welcome to Powerelec (www.powerelec.com.mk). By accessing or using our website, you agree to comply with and be bound by the following terms and conditions. Please read them carefully. 1. Acceptance of Terms By using this website, you confirm that you are at least 18 years of age [&hellip;]<\/p>\n","protected":false},"author":1,"featured_media":0,"parent":0,"menu_order":0,"comment_status":"closed","ping_status":"closed","template":"templates\/template-page-full-width.php","meta":{"footnotes":""},"class_list":["post-66","page","type-page","status-publish","hentry"],"jetpack_sharing_enabled":true,"_links":{"self":[{"href":"https:\/\/powerelec.com.mk\/tr\/wp-json\/wp\/v2\/pages\/66","targetHints":{"allow":["GET"]}}],"collection":[{"href":"https:\/\/powerelec.com.mk\/tr\/wp-json\/wp\/v2\/pages"}],"about":[{"href":"https:\/\/powerelec.com.mk\/tr\/wp-json\/wp\/v2\/types\/page"}],"author":[{"embeddable":true,"href":"https:\/\/powerelec.com.mk\/tr\/wp-json\/wp\/v2\/users\/1"}],"replies":[{"embeddable":true,"href":"https:\/\/powerelec.com.mk\/tr\/wp-json\/wp\/v2\/comments?post=66"}],"version-history":[{"count":1,"href":"https:\/\/powerelec.com.mk\/tr\/wp-json\/wp\/v2\/pages\/66\/revisions"}],"predecessor-version":[{"id":67,"href":"https:\/\/powerelec.com.mk\/tr\/wp-json\/wp\/v2\/pages\/66\/revisions\/67"}],"wp:attachment":[{"href":"https:\/\/powerelec.com.mk\/tr\/wp-json\/wp\/v2\/media?parent=66"}],"curies":[{"name":"wp","href":"https:\/\/api.w.org\/{rel}","templated":true}]}}