{"id":69,"date":"2026-02-24T16:20:13","date_gmt":"2026-02-24T16:20:13","guid":{"rendered":"https:\/\/powerelec.com.mk\/?page_id=69"},"modified":"2026-02-24T16:28:23","modified_gmt":"2026-02-24T16:28:23","slug":"gi%cc%87zli%cc%87li%cc%87k-poli%cc%87ti%cc%87kasi-2","status":"publish","type":"page","link":"https:\/\/powerelec.com.mk\/tr\/privacy-policy-2\/","title":{"rendered":"Gizlilik Politikas\u0131"},"content":{"rendered":"<h1 data-path-to-node=\"3\">Gizlilik Politikas\u0131<\/h1>\n<p data-path-to-node=\"4\"><b data-path-to-node=\"4\" data-index-in-node=\"0\">Y\u00fcr\u00fcrl\u00fck Tarihi: 24 \u015eubat 2026<\/b><\/p>\n<p data-path-to-node=\"5\">At <b data-path-to-node=\"5\" data-index-in-node=\"3\">Powerelec<\/b>, gizlili\u011finize de\u011fer veriyoruz ve ki\u015fisel verilerinizi korumay\u0131 taahh\u00fct ediyoruz. Bu Gizlilik Politikas\u0131, web sitemizi ziyaret etti\u011finizde bilgilerinizi nas\u0131l toplad\u0131\u011f\u0131m\u0131z\u0131, kulland\u0131\u011f\u0131m\u0131z\u0131 ve korudu\u011fumuzu a\u00e7\u0131klamaktad\u0131r (<a class=\"ng-star-inserted\" href=\"https:\/\/www.google.com\/search?q=http:\/\/www.powerelec.com.mk\" target=\"_blank\" rel=\"noopener\" data-hveid=\"0\" data-ved=\"0CAAQ_4QMahgKEwi_uevHtfKSAxUAAAAAHQAAAAAQ8QE\">www.powerelec.com.mk<\/a>).<\/p>\n<h3 data-path-to-node=\"6\">1. Toplad\u0131\u011f\u0131m\u0131z Bilgiler<\/h3>\n<p data-path-to-node=\"7\">B2B m\u00fc\u015fterilerimize hizmet vermemize ve web sitemizin performans\u0131n\u0131 iyile\u015ftirmemize yard\u0131mc\u0131 olan bilgileri topluyoruz:<\/p>\n<ul data-path-to-node=\"8\">\n<li>\n<p data-path-to-node=\"8,0,0\"><b data-path-to-node=\"8,0,0\" data-index-in-node=\"0\">\u0130leti\u015fim Bilgileri:<\/b> \u0130leti\u015fim veya fiyat teklifi talep formumuzu doldurdu\u011funuzda, ad\u0131n\u0131z\u0131, \u015firket ad\u0131n\u0131z\u0131, e-posta adresinizi, telefon numaran\u0131z\u0131 ve \u00fcr\u00fcn gereksinimlerinizle ilgili ayr\u0131nt\u0131lar\u0131 (\u00f6rne\u011fin, bak\u0131r \u00e7ubuklar veya kablo \u00f6zellikleri) toplar\u0131z.<\/p>\n<\/li>\n<li>\n<p data-path-to-node=\"8,1,0\"><b data-path-to-node=\"8,1,0\" data-index-in-node=\"0\">Teknik Veriler:<\/b> Sitemizi ziyaret etti\u011finizde IP adresiniz, taray\u0131c\u0131 t\u00fcr\u00fcn\u00fcz ve siteye eri\u015fti\u011finiz b\u00f6lge (\u00fclke\/\u015fehir) gibi belirli bilgileri otomatik olarak toplar\u0131z.<\/p>\n<\/li>\n<li>\n<p data-path-to-node=\"8,2,0\"><b data-path-to-node=\"8,2,0\" data-index-in-node=\"0\">\u00c7erezler:<\/b> \u00c7erezleri, tarama deneyiminizi geli\u015ftirmek ve web sitesi trafi\u011fini analiz etmek i\u00e7in kullan\u0131yoruz.<\/p>\n<\/li>\n<\/ul>\n<h3 data-path-to-node=\"9\">2. Bilgilerinizi Nas\u0131l Kullan\u0131yoruz<\/h3>\n<p data-path-to-node=\"10\">Toplanan verileri a\u015fa\u011f\u0131daki ama\u00e7lar i\u00e7in kullan\u0131r\u0131z:<\/p>\n<ul data-path-to-node=\"11\">\n<li>\n<p data-path-to-node=\"11,0,0\">Elektrik malzemeleri i\u00e7in profesyonel teklifler sunmak ve taleplerinizi i\u015fleme koymak.<\/p>\n<\/li>\n<li>\n<p data-path-to-node=\"11,1,0\">Sipari\u015fleriniz veya teknik sorular\u0131n\u0131zla ilgili olarak sizinle ileti\u015fim kurmak i\u00e7in.<\/p>\n<\/li>\n<li>\n<p data-path-to-node=\"11,2,0\">\u00dcr\u00fcn envanterimizi geli\u015ftirmek i\u00e7in ziyaret\u00e7i istatistiklerini ve pazar e\u011filimlerini analiz etmek.<\/p>\n<\/li>\n<li>\n<p data-path-to-node=\"11,3,0\">Web sitemizin g\u00fcvenli\u011fini sa\u011flamak ve doland\u0131r\u0131c\u0131l\u0131k faaliyetlerini \u00f6nlemek i\u00e7in.<\/p>\n<\/li>\n<\/ul>\n<h3 data-path-to-node=\"12\">3. Veri Depolama ve G\u00fcvenlik<\/h3>\n<p data-path-to-node=\"13\">Verileriniz g\u00fcvenli bir \u015fekilde saklan\u0131r. \u00dcsk\u00fcp, Kuzey Makedonya merkezli oldu\u011fumuz i\u00e7in yerel veri koruma y\u00f6netmeliklerine ba\u011fl\u0131y\u0131z. Ki\u015fisel bilgilerinize yetkisiz eri\u015fimi, if\u015fa edilmesini veya de\u011fi\u015ftirilmesini \u00f6nlemek i\u00e7in end\u00fcstri standard\u0131 g\u00fcvenlik \u00f6nlemleri uyguluyoruz.<\/p>\n<h3 data-path-to-node=\"14\">4. Verilerinizi Payla\u015fma<\/h3>\n<ul data-path-to-node=\"15\">\n<li>\n<p data-path-to-node=\"15,0,0\"><b data-path-to-node=\"15,0,0\" data-index-in-node=\"0\">Veri Sat\u0131\u015f\u0131 Yok:<\/b> Ki\u015fisel bilgilerinizi \u00fc\u00e7\u00fcnc\u00fc taraflara satm\u0131yor, takas etmiyor veya kiralam\u0131yoruz.<\/p>\n<\/li>\n<li>\n<p data-path-to-node=\"15,1,0\"><b data-path-to-node=\"15,1,0\" data-index-in-node=\"0\">Hizmet Sa\u011flay\u0131c\u0131lar<\/b> Yaln\u0131zca ticari faaliyetlerimizi y\u00fcr\u00fctmek i\u00e7in g\u00fcvenilir \u00fc\u00e7\u00fcnc\u00fc taraf hizmet sa\u011flay\u0131c\u0131larla (teslimat veya web sitesi bar\u0131nd\u0131rma hizmetleri i\u00e7in lojistik \u015firketleri gibi) veri payla\u015fabiliriz.<\/p>\n<\/li>\n<li>\n<p data-path-to-node=\"15,2,0\"><b data-path-to-node=\"15,2,0\" data-index-in-node=\"0\">Yasal Gereklilikler:<\/b> Kuzey Makedonya yasalar\u0131n\u0131n gerektirmesi halinde veya kamu makamlar\u0131n\u0131n ge\u00e7erli taleplerine yan\u0131t olarak bilgileri if\u015fa edebiliriz.<\/p>\n<\/li>\n<\/ul>\n<h3 data-path-to-node=\"16\">5. \u00dc\u00e7\u00fcnc\u00fc Taraf Ba\u011flant\u0131lar\u0131<\/h3>\n<p data-path-to-node=\"17\">Web sitemiz \u00fcreticilere veya end\u00fcstri ortaklar\u0131na ba\u011flant\u0131lar i\u00e7erebilir. L\u00fctfen onlar\u0131n gizlilik politikalar\u0131 \u00fczerinde kontrol\u00fcm\u00fcz olmad\u0131\u011f\u0131n\u0131 unutmay\u0131n ve onlara herhangi bir ki\u015fisel veri sa\u011flamadan \u00f6nce beyanlar\u0131n\u0131 okuman\u0131z\u0131 \u00f6neririz.<\/p>\n<h3 data-path-to-node=\"18\">6. Sizin Haklar\u0131n\u0131z<\/h3>\n<p data-path-to-node=\"19\">Bulundu\u011funuz yere ba\u011fl\u0131 olarak a\u015fa\u011f\u0131daki haklara sahip olabilirsiniz:<\/p>\n<ul data-path-to-node=\"20\">\n<li>\n<p data-path-to-node=\"20,0,0\">Hakk\u0131n\u0131zda tuttu\u011fumuz ki\u015fisel verilere eri\u015fim hakk\u0131.<\/p>\n<\/li>\n<li>\n<p data-path-to-node=\"20,1,0\">Yanl\u0131\u015f verilerin d\u00fczeltilmesini talep etme hakk\u0131.<\/p>\n<\/li>\n<li>\n<p data-path-to-node=\"20,2,0\">Verilerinizin ileti\u015fim listelerimizden silinmesini talep etme hakk\u0131.<\/p>\n<\/li>\n<li>\n<p data-path-to-node=\"20,3,0\">Taray\u0131c\u0131 ayarlar\u0131n\u0131z arac\u0131l\u0131\u011f\u0131yla \u00e7erezleri devre d\u0131\u015f\u0131 b\u0131rakma hakk\u0131.<\/p>\n<\/li>\n<\/ul>\n<h3 data-path-to-node=\"21\">7. Bu Politikadaki De\u011fi\u015fiklikler<\/h3>\n<p data-path-to-node=\"22\">Uygulamalar\u0131m\u0131zdaki de\u011fi\u015fiklikleri yans\u0131tmak veya yasal nedenlerle bu Gizlilik Politikas\u0131n\u0131 zaman zaman g\u00fcncelleyebiliriz. En \u00fcstteki \u201cY\u00fcr\u00fcrl\u00fck Tarihi\u201d en son de\u011fi\u015fikliklerin ne zaman yap\u0131ld\u0131\u011f\u0131n\u0131 g\u00f6sterecektir.<\/p>\n<h3 data-path-to-node=\"23\">8. Bize Ula\u015f\u0131n<\/h3>\n<p data-path-to-node=\"24\">Bu Gizlilik Politikas\u0131 veya verilerinizin nas\u0131l i\u015flendi\u011fi hakk\u0131nda herhangi bir sorunuz varsa, l\u00fctfen bizimle ileti\u015fime ge\u00e7in:<\/p>\n<p data-path-to-node=\"25\"><b data-path-to-node=\"25\" data-index-in-node=\"0\">Powerelec \u00dcsk\u00fcp<\/b> E-posta: contact@powerelec.com.mk | Adres: \u00dcsk\u00fcp, Kuzey Makedonya<\/p>","protected":false},"excerpt":{"rendered":"<p>Privacy Policy Effective Date: February 24, 2026 At Powerelec, we value your privacy and are committed to protecting your personal data. This Privacy Policy explains how we collect, use, and safeguard your information when you visit our website (www.powerelec.com.mk). 1. Information We Collect We collect information that helps us serve our B2B clients and improve [&hellip;]<\/p>\n","protected":false},"author":1,"featured_media":0,"parent":0,"menu_order":0,"comment_status":"closed","ping_status":"closed","template":"templates\/template-page-full-width.php","meta":{"footnotes":""},"class_list":["post-69","page","type-page","status-publish","hentry"],"jetpack_sharing_enabled":true,"_links":{"self":[{"href":"https:\/\/powerelec.com.mk\/tr\/wp-json\/wp\/v2\/pages\/69","targetHints":{"allow":["GET"]}}],"collection":[{"href":"https:\/\/powerelec.com.mk\/tr\/wp-json\/wp\/v2\/pages"}],"about":[{"href":"https:\/\/powerelec.com.mk\/tr\/wp-json\/wp\/v2\/types\/page"}],"author":[{"embeddable":true,"href":"https:\/\/powerelec.com.mk\/tr\/wp-json\/wp\/v2\/users\/1"}],"replies":[{"embeddable":true,"href":"https:\/\/powerelec.com.mk\/tr\/wp-json\/wp\/v2\/comments?post=69"}],"version-history":[{"count":1,"href":"https:\/\/powerelec.com.mk\/tr\/wp-json\/wp\/v2\/pages\/69\/revisions"}],"predecessor-version":[{"id":70,"href":"https:\/\/powerelec.com.mk\/tr\/wp-json\/wp\/v2\/pages\/69\/revisions\/70"}],"wp:attachment":[{"href":"https:\/\/powerelec.com.mk\/tr\/wp-json\/wp\/v2\/media?parent=69"}],"curies":[{"name":"wp","href":"https:\/\/api.w.org\/{rel}","templated":true}]}}